{"id":1509,"date":"2024-02-08T15:20:02","date_gmt":"2024-02-08T15:20:02","guid":{"rendered":"https:\/\/www.sd-elektro.hr\/kontakt\/"},"modified":"2024-04-10T16:04:08","modified_gmt":"2024-04-10T16:04:08","slug":"kontakt","status":"publish","type":"page","link":"https:\/\/www.sd-elektro.hr\/hr\/kontakt\/","title":{"rendered":"Kontakt"},"content":{"rendered":"\n<div class=\"wp-block-group has-global-padding is-layout-constrained wp-container-core-group-is-layout-72190d31 wp-block-group-is-layout-constrained\" style=\"margin-top:0;margin-bottom:0;padding-top:0;padding-right:0;padding-bottom:0;padding-left:0\">\n<div class=\"wp-block-group contact-intro-text has-global-padding is-layout-constrained wp-container-core-group-is-layout-14a3f095 wp-block-group-is-layout-constrained\" style=\"margin-bottom:0;padding-top:var(--wp--preset--spacing--70);padding-right:0px;padding-bottom:var(--wp--preset--spacing--70);padding-left:0px\">\n<h2 class=\"wp-block-heading has-text-align-left has-black-color has-text-color has-link-color has-montserrat-font-family has-large-font-size wp-elements-a7ea75c58199880da0e12d11ecf1ba00\" style=\"margin-top:0;margin-bottom:var(--wp--preset--spacing--20);font-style:normal;font-weight:500\">Ovdje smo da vam pomognemo<\/h2>\n\n\n\n<p>Dobrodo\u0161li na na\u0161u kontakt stranicu! Bilo da imate pitanja, povratne informacije ili samo \u017eelite pozdraviti, mi smo tu i spremni vas saslu\u0161ati. Na\u0161 tim je tu za vas &#8211; brzo, ljubazno, i pouzdano. Molimo vas ispunite obrazac na ovoj stranici ili koristite kontakt informacije navedene u bo\u010dnoj traci kako biste nas kontaktirali. Radujemo se va\u0161em kontaktu i brzom rje\u0161avanju va\u0161ih pitanja ili upita.<\/p>\n<\/div>\n\n\n\n<div class=\"wp-block-columns forms-columns is-layout-flex wp-container-core-columns-is-layout-f0342b05 wp-block-columns-is-layout-flex\" style=\"margin-top:0;margin-bottom:0\">\n<div class=\"wp-block-column contact-form-column is-layout-flow wp-block-column-is-layout-flow\" style=\"flex-basis:70%\">\n<h3 class=\"wp-block-heading\">Stupite u kontakt<\/h3>\n\n\n\n<div class=\"wp-block-contact-form-7-contact-form-selector\">\n<div class=\"wpcf7 no-js\" id=\"wpcf7-f1575-o1\" lang=\"hr\" dir=\"ltr\">\n<div class=\"screen-reader-response\"><p role=\"status\" aria-live=\"polite\" aria-atomic=\"true\"><\/p> <ul><\/ul><\/div>\n<form action=\"\/hr\/wp-json\/wp\/v2\/pages\/1509#wpcf7-f1575-o1\" method=\"post\" class=\"wpcf7-form init\" aria-label=\"Kontakt obrazac\" novalidate=\"novalidate\" data-status=\"init\">\n<div style=\"display: none;\">\n<input type=\"hidden\" name=\"_wpcf7\" value=\"1575\" \/>\n<input type=\"hidden\" name=\"_wpcf7_version\" value=\"5.9.8\" \/>\n<input type=\"hidden\" name=\"_wpcf7_locale\" value=\"hr\" \/>\n<input type=\"hidden\" name=\"_wpcf7_unit_tag\" value=\"wpcf7-f1575-o1\" \/>\n<input type=\"hidden\" name=\"_wpcf7_container_post\" value=\"0\" \/>\n<input type=\"hidden\" name=\"_wpcf7_posted_data_hash\" value=\"\" \/>\n<\/div>\n<div class=\"form-container\">\n\t<div class=\"form-input-inner\">\n\t\t<p><label> Va\u0161e ime<br \/>\n<span class=\"wpcf7-form-control-wrap\" data-name=\"your-name\"><input size=\"40\" maxlength=\"400\" class=\"wpcf7-form-control wpcf7-text wpcf7-validates-as-required\" autocomplete=\"name\" aria-required=\"true\" aria-invalid=\"false\" value=\"\" type=\"text\" name=\"your-name\" \/><\/span> <\/label>\n\t\t<\/p>\n\t<\/div>\n\t<div class=\"form-input-inner\">\n\t\t<p><label> Va\u0161 email<br \/>\n<span class=\"wpcf7-form-control-wrap\" data-name=\"your-email\"><input size=\"40\" maxlength=\"400\" class=\"wpcf7-form-control wpcf7-email wpcf7-validates-as-required wpcf7-text wpcf7-validates-as-email\" autocomplete=\"email\" aria-required=\"true\" aria-invalid=\"false\" value=\"\" type=\"email\" name=\"your-email\" \/><\/span> <\/label>\n\t\t<\/p>\n\t<\/div>\n\t<div class=\"form-input-inner\">\n\t\t<p><label> Subjekt<br \/>\n<span class=\"wpcf7-form-control-wrap\" data-name=\"your-subject\"><input size=\"40\" maxlength=\"400\" class=\"wpcf7-form-control wpcf7-text wpcf7-validates-as-required\" aria-required=\"true\" aria-invalid=\"false\" value=\"\" type=\"text\" name=\"your-subject\" \/><\/span> <\/label>\n\t\t<\/p>\n\t<\/div>\n\t<div class=\"form-input-inner\">\n\t\t<p><label> Telefonski broj<br \/>\n<span class=\"wpcf7-form-control-wrap\" data-name=\"your-number\"><input size=\"40\" maxlength=\"400\" class=\"wpcf7-form-control wpcf7-tel wpcf7-text wpcf7-validates-as-tel\" aria-invalid=\"false\" value=\"\" type=\"tel\" name=\"your-number\" \/><\/span> <\/label>\n\t\t<\/p>\n\t<\/div>\n\t<div class=\"form-input-textarea\">\n\t\t<p><label> Va\u0161a poruka (nije obavezno)<br \/>\n<span class=\"wpcf7-form-control-wrap\" data-name=\"your-message\"><textarea cols=\"40\" rows=\"10\" maxlength=\"2000\" class=\"wpcf7-form-control wpcf7-textarea\" aria-invalid=\"false\" name=\"your-message\"><\/textarea><\/span> <\/label>\n\t\t<\/p>\n\t<\/div>\n\t<div class=\"form-input-inner full-width\">\n\t\t<p><span class=\"wpcf7-form-control-wrap\" data-name=\"quiz-635\"><label><span class=\"wpcf7-quiz-label\">1+1=?<\/span> <input size=\"40\" class=\"wpcf7-form-control wpcf7-quiz\" autocomplete=\"off\" aria-required=\"true\" aria-invalid=\"false\" type=\"text\" name=\"quiz-635\" \/><\/label><input type=\"hidden\" name=\"_wpcf7_quiz_answer_quiz-635\" value=\"d11c797c85008d813a624a84a14f8616\" \/><\/span>\n\t\t<\/p>\n\t<\/div>\n\t<div class=\"submit-button-container\">\n\t\t<p><span class=\"button-animation\"><\/span>\n\t\t<\/p>\n\t\t<div class=\"submit-main\">\n\t\t\t<p><input class=\"wpcf7-form-control wpcf7-submit has-spinner\" type=\"submit\" value=\"Submit\" \/>\n\t\t\t<\/p>\n\t\t<\/div>\n\t<\/div>\n<\/div><div class=\"wpcf7-response-output\" aria-hidden=\"true\"><\/div>\n<\/form>\n<\/div>\n<\/div>\n<\/div>\n\n\n\n<div class=\"wp-block-column contact-information is-layout-flow wp-block-column-is-layout-flow\" style=\"flex-basis:30%\">\n<h3 class=\"wp-block-heading\">Kontakt Informacije<\/h3>\n\n\n\n<div class=\"wp-block-columns are-vertically-aligned-center is-layout-flex wp-container-core-columns-is-layout-28f84493 wp-block-columns-is-layout-flex\">\n<div class=\"wp-block-column is-vertically-aligned-center column-icon is-layout-flow wp-block-column-is-layout-flow\" style=\"flex-basis:20%\">\n<i class=\"fa-solid fa-location-dot\"><\/i>\n<\/div>\n\n\n\n<div class=\"wp-block-column is-vertically-aligned-center is-layout-flow wp-container-core-column-is-layout-8a368f38 wp-block-column-is-layout-flow\" style=\"flex-basis:80%\">\n<p>Zagorska ulica 28<br\/>42250 Lepoglava, Hrvatska<\/p>\n<\/div>\n<\/div>\n\n\n\n<div class=\"wp-block-columns are-vertically-aligned-center is-layout-flex wp-container-core-columns-is-layout-28f84493 wp-block-columns-is-layout-flex\">\n<div class=\"wp-block-column is-vertically-aligned-center column-icon is-layout-flow wp-block-column-is-layout-flow\" style=\"flex-basis:20%\">\n<i class=\"fa-solid fa-phone\"><\/i>\n<\/div>\n\n\n\n<div class=\"wp-block-column is-vertically-aligned-center is-layout-flow wp-block-column-is-layout-flow\" style=\"flex-basis:80%\">\n<p>+00385 98 1776700<\/p>\n<\/div>\n<\/div>\n\n\n\n<div class=\"wp-block-columns are-vertically-aligned-center is-layout-flex wp-container-core-columns-is-layout-28f84493 wp-block-columns-is-layout-flex\">\n<div class=\"wp-block-column is-vertically-aligned-center column-icon is-layout-flow wp-block-column-is-layout-flow\" style=\"flex-basis:20%\">\n<i class=\"fa-solid fa-envelope\"><\/i>\n<\/div>\n\n\n\n<div class=\"wp-block-column is-vertically-aligned-center is-layout-flow wp-block-column-is-layout-flow\" style=\"flex-basis:80%\">\n<p>office.sdelektro@gmail.com<\/p>\n<\/div>\n<\/div>\n<\/div>\n<\/div>\n<\/div>\n","protected":false},"excerpt":{"rendered":"<p>Ovdje smo da vam pomognemo Dobrodo\u0161li na na\u0161u kontakt stranicu! Bilo da imate pitanja, povratne informacije ili samo \u017eelite pozdraviti, mi smo tu i spremni vas saslu\u0161ati. Na\u0161 tim je tu za vas &#8211; brzo, ljubazno, i pouzdano. Molimo vas ispunite obrazac na ovoj stranici ili koristite kontakt informacije navedene u bo\u010dnoj traci kako biste [&hellip;]<\/p>\n","protected":false},"author":1,"featured_media":0,"parent":0,"menu_order":0,"comment_status":"closed","ping_status":"closed","template":"custom-template","meta":{"_acf_changed":false,"footnotes":""},"class_list":["post-1509","page","type-page","status-publish","hentry"],"acf":[],"yoast_head":"<!-- This site is optimized with the Yoast SEO plugin v23.3 - https:\/\/yoast.com\/wordpress\/plugins\/seo\/ -->\n<title>Kontakt - SD Elektro<\/title>\n<meta name=\"robots\" content=\"index, follow, max-snippet:-1, max-image-preview:large, max-video-preview:-1\" \/>\n<link rel=\"canonical\" href=\"https:\/\/www.sd-elektro.hr\/hr\/kontakt\/\" \/>\n<meta property=\"og:locale\" content=\"hr_HR\" \/>\n<meta property=\"og:type\" content=\"article\" \/>\n<meta property=\"og:title\" content=\"Kontakt - SD Elektro\" \/>\n<meta property=\"og:description\" content=\"Ovdje smo da vam pomognemo Dobrodo\u0161li na na\u0161u kontakt stranicu! Bilo da imate pitanja, povratne informacije ili samo \u017eelite pozdraviti, mi smo tu i spremni vas saslu\u0161ati. Na\u0161 tim je tu za vas &#8211; brzo, ljubazno, i pouzdano. Molimo vas ispunite obrazac na ovoj stranici ili koristite kontakt informacije navedene u bo\u010dnoj traci kako biste [&hellip;]\" \/>\n<meta property=\"og:url\" content=\"https:\/\/www.sd-elektro.hr\/hr\/kontakt\/\" \/>\n<meta property=\"og:site_name\" content=\"SD Elektro\" \/>\n<meta property=\"article:publisher\" content=\"https:\/\/www.facebook.com\/profile.php?id=61557576658136\" \/>\n<meta property=\"article:modified_time\" content=\"2024-04-10T16:04:08+00:00\" \/>\n<meta property=\"og:image\" content=\"https:\/\/www.sd-elektro.hr\/wp-content\/uploads\/2024\/04\/seo-image.png\" \/>\n\t<meta property=\"og:image:width\" content=\"1200\" \/>\n\t<meta property=\"og:image:height\" content=\"675\" \/>\n\t<meta property=\"og:image:type\" content=\"image\/png\" \/>\n<meta name=\"twitter:card\" content=\"summary_large_image\" \/>\n<script type=\"application\/ld+json\" class=\"yoast-schema-graph\">{\"@context\":\"https:\/\/schema.org\",\"@graph\":[{\"@type\":\"WebPage\",\"@id\":\"https:\/\/www.sd-elektro.hr\/hr\/kontakt\/\",\"url\":\"https:\/\/www.sd-elektro.hr\/hr\/kontakt\/\",\"name\":\"Kontakt - SD Elektro\",\"isPartOf\":{\"@id\":\"https:\/\/www.sd-elektro.hr\/hr\/#website\"},\"datePublished\":\"2024-02-08T15:20:02+00:00\",\"dateModified\":\"2024-04-10T16:04:08+00:00\",\"breadcrumb\":{\"@id\":\"https:\/\/www.sd-elektro.hr\/hr\/kontakt\/#breadcrumb\"},\"inLanguage\":\"hr\",\"potentialAction\":[{\"@type\":\"ReadAction\",\"target\":[\"https:\/\/www.sd-elektro.hr\/hr\/kontakt\/\"]}]},{\"@type\":\"BreadcrumbList\",\"@id\":\"https:\/\/www.sd-elektro.hr\/hr\/kontakt\/#breadcrumb\",\"itemListElement\":[{\"@type\":\"ListItem\",\"position\":1,\"name\":\"Home\",\"item\":\"https:\/\/www.sd-elektro.hr\/hr\/\"},{\"@type\":\"ListItem\",\"position\":2,\"name\":\"Kontakt\"}]},{\"@type\":\"WebSite\",\"@id\":\"https:\/\/www.sd-elektro.hr\/hr\/#website\",\"url\":\"https:\/\/www.sd-elektro.hr\/hr\/\",\"name\":\"SD Elektro\",\"description\":\"Wired for Perfection: Precision Electrical Services for Modern Needs\",\"publisher\":{\"@id\":\"https:\/\/www.sd-elektro.hr\/hr\/#organization\"},\"alternateName\":\"SD Elektro\",\"potentialAction\":[{\"@type\":\"SearchAction\",\"target\":{\"@type\":\"EntryPoint\",\"urlTemplate\":\"https:\/\/www.sd-elektro.hr\/hr\/?s={search_term_string}\"},\"query-input\":\"required name=search_term_string\"}],\"inLanguage\":\"hr\"},{\"@type\":\"Organization\",\"@id\":\"https:\/\/www.sd-elektro.hr\/hr\/#organization\",\"name\":\"SD Elektro d.o.o\",\"url\":\"https:\/\/www.sd-elektro.hr\/hr\/\",\"logo\":{\"@type\":\"ImageObject\",\"inLanguage\":\"hr\",\"@id\":\"https:\/\/www.sd-elektro.hr\/hr\/#\/schema\/logo\/image\/\",\"url\":\"https:\/\/www.sd-elektro.hr\/wp-content\/uploads\/2024\/02\/sd-elektro-test-1.png\",\"contentUrl\":\"https:\/\/www.sd-elektro.hr\/wp-content\/uploads\/2024\/02\/sd-elektro-test-1.png\",\"width\":3000,\"height\":1133,\"caption\":\"SD Elektro d.o.o\"},\"image\":{\"@id\":\"https:\/\/www.sd-elektro.hr\/hr\/#\/schema\/logo\/image\/\"},\"sameAs\":[\"https:\/\/www.facebook.com\/profile.php?id=61557576658136\"]}]}<\/script>\n<!-- \/ Yoast SEO plugin. -->","yoast_head_json":{"title":"Kontakt - SD Elektro","robots":{"index":"index","follow":"follow","max-snippet":"max-snippet:-1","max-image-preview":"max-image-preview:large","max-video-preview":"max-video-preview:-1"},"canonical":"https:\/\/www.sd-elektro.hr\/hr\/kontakt\/","og_locale":"hr_HR","og_type":"article","og_title":"Kontakt - SD Elektro","og_description":"Ovdje smo da vam pomognemo Dobrodo\u0161li na na\u0161u kontakt stranicu! Bilo da imate pitanja, povratne informacije ili samo \u017eelite pozdraviti, mi smo tu i spremni vas saslu\u0161ati. Na\u0161 tim je tu za vas &#8211; brzo, ljubazno, i pouzdano. Molimo vas ispunite obrazac na ovoj stranici ili koristite kontakt informacije navedene u bo\u010dnoj traci kako biste [&hellip;]","og_url":"https:\/\/www.sd-elektro.hr\/hr\/kontakt\/","og_site_name":"SD Elektro","article_publisher":"https:\/\/www.facebook.com\/profile.php?id=61557576658136","article_modified_time":"2024-04-10T16:04:08+00:00","og_image":[{"width":1200,"height":675,"url":"https:\/\/www.sd-elektro.hr\/wp-content\/uploads\/2024\/04\/seo-image.png","type":"image\/png"}],"twitter_card":"summary_large_image","schema":{"@context":"https:\/\/schema.org","@graph":[{"@type":"WebPage","@id":"https:\/\/www.sd-elektro.hr\/hr\/kontakt\/","url":"https:\/\/www.sd-elektro.hr\/hr\/kontakt\/","name":"Kontakt - SD Elektro","isPartOf":{"@id":"https:\/\/www.sd-elektro.hr\/hr\/#website"},"datePublished":"2024-02-08T15:20:02+00:00","dateModified":"2024-04-10T16:04:08+00:00","breadcrumb":{"@id":"https:\/\/www.sd-elektro.hr\/hr\/kontakt\/#breadcrumb"},"inLanguage":"hr","potentialAction":[{"@type":"ReadAction","target":["https:\/\/www.sd-elektro.hr\/hr\/kontakt\/"]}]},{"@type":"BreadcrumbList","@id":"https:\/\/www.sd-elektro.hr\/hr\/kontakt\/#breadcrumb","itemListElement":[{"@type":"ListItem","position":1,"name":"Home","item":"https:\/\/www.sd-elektro.hr\/hr\/"},{"@type":"ListItem","position":2,"name":"Kontakt"}]},{"@type":"WebSite","@id":"https:\/\/www.sd-elektro.hr\/hr\/#website","url":"https:\/\/www.sd-elektro.hr\/hr\/","name":"SD Elektro","description":"Wired for Perfection: Precision Electrical Services for Modern Needs","publisher":{"@id":"https:\/\/www.sd-elektro.hr\/hr\/#organization"},"alternateName":"SD Elektro","potentialAction":[{"@type":"SearchAction","target":{"@type":"EntryPoint","urlTemplate":"https:\/\/www.sd-elektro.hr\/hr\/?s={search_term_string}"},"query-input":"required name=search_term_string"}],"inLanguage":"hr"},{"@type":"Organization","@id":"https:\/\/www.sd-elektro.hr\/hr\/#organization","name":"SD Elektro d.o.o","url":"https:\/\/www.sd-elektro.hr\/hr\/","logo":{"@type":"ImageObject","inLanguage":"hr","@id":"https:\/\/www.sd-elektro.hr\/hr\/#\/schema\/logo\/image\/","url":"https:\/\/www.sd-elektro.hr\/wp-content\/uploads\/2024\/02\/sd-elektro-test-1.png","contentUrl":"https:\/\/www.sd-elektro.hr\/wp-content\/uploads\/2024\/02\/sd-elektro-test-1.png","width":3000,"height":1133,"caption":"SD Elektro d.o.o"},"image":{"@id":"https:\/\/www.sd-elektro.hr\/hr\/#\/schema\/logo\/image\/"},"sameAs":["https:\/\/www.facebook.com\/profile.php?id=61557576658136"]}]}},"_links":{"self":[{"href":"https:\/\/www.sd-elektro.hr\/hr\/wp-json\/wp\/v2\/pages\/1509","targetHints":{"allow":["GET"]}}],"collection":[{"href":"https:\/\/www.sd-elektro.hr\/hr\/wp-json\/wp\/v2\/pages"}],"about":[{"href":"https:\/\/www.sd-elektro.hr\/hr\/wp-json\/wp\/v2\/types\/page"}],"author":[{"embeddable":true,"href":"https:\/\/www.sd-elektro.hr\/hr\/wp-json\/wp\/v2\/users\/1"}],"replies":[{"embeddable":true,"href":"https:\/\/www.sd-elektro.hr\/hr\/wp-json\/wp\/v2\/comments?post=1509"}],"version-history":[{"count":0,"href":"https:\/\/www.sd-elektro.hr\/hr\/wp-json\/wp\/v2\/pages\/1509\/revisions"}],"wp:attachment":[{"href":"https:\/\/www.sd-elektro.hr\/hr\/wp-json\/wp\/v2\/media?parent=1509"}],"curies":[{"name":"wp","href":"https:\/\/api.w.org\/{rel}","templated":true}]}}