{"id":1552,"date":"2024-02-06T10:56:43","date_gmt":"2024-02-06T10:56:43","guid":{"rendered":"https:\/\/www.sd-elektro.hr\/datenschutz\/"},"modified":"2024-04-29T11:05:09","modified_gmt":"2024-04-29T11:05:09","slug":"datenschutz","status":"publish","type":"page","link":"https:\/\/www.sd-elektro.hr\/de\/datenschutz\/","title":{"rendered":"Datenschutz"},"content":{"rendered":"\n<div class=\"wp-block-group has-global-padding is-layout-constrained wp-container-core-group-is-layout-0747478d wp-block-group-is-layout-constrained\" style=\"padding-top:var(--wp--preset--spacing--50);padding-right:var(--wp--preset--spacing--50);padding-bottom:var(--wp--preset--spacing--50);padding-left:var(--wp--preset--spacing--50)\">\n<h2 class=\"wp-block-heading\">Einf\u00fchrung<\/h2>\n\n\n\n<div class=\"wp-block-columns is-layout-flex wp-container-core-columns-is-layout-28f84493 wp-block-columns-is-layout-flex\">\n<div class=\"wp-block-column is-vertically-aligned-center is-layout-flow wp-block-column-is-layout-flow\" style=\"flex-basis:66.66%\">\n<p>Willkommen auf unserer Datenschutzseite. Bei SD Elektro, <a href=\"https:\/\/www.sd-elektro.hr\/de\/\">https:\/\/www.sd-elektro.hr<\/a>, hat der Schutz Ihrer Privatsph\u00e4re h\u00f6chste Priorit\u00e4t. In diesem Dokument erl\u00e4utern wir die Arten von pers\u00f6nlichen Daten, die unsere Website sammelt, aufzeichnet und wie wir sie verwenden. Infolgedessen verpflichten wir uns, die Sicherheit und den Schutz der pers\u00f6nlichen Daten unserer Besucher zu gew\u00e4hrleisten.<\/p>\n<\/div>\n\n\n\n<div class=\"wp-block-column is-layout-flow wp-block-column-is-layout-flow\" style=\"flex-basis:33.33%\">\n<figure class=\"wp-block-image size-full\"><img loading=\"lazy\" decoding=\"async\" width=\"700\" height=\"450\" src=\"https:\/\/www.sd-elektro.hr\/wp-content\/uploads\/2024\/04\/privacy-policy-image.png\" alt=\"Bild der Datenschutzrichtlinie\" class=\"wp-image-1850\" srcset=\"https:\/\/www.sd-elektro.hr\/wp-content\/uploads\/2024\/04\/privacy-policy-image.png 700w, https:\/\/www.sd-elektro.hr\/wp-content\/uploads\/2024\/04\/privacy-policy-image-300x193.png 300w\" sizes=\"auto, (max-width: 700px) 100vw, 700px\" \/><\/figure>\n<\/div>\n<\/div>\n\n\n\n<h2 class=\"wp-block-heading\">Medien<\/h2>\n\n\n\n<p>Wenn Sie Bilder auf die Website hochladen, raten wir davon ab, Bilder mit eingebetteten Standortdaten (EXIF-GPS) aufzunehmen. Die Besucher der Website k\u00f6nnen alle Standortdaten von den Bildern auf der Website herunterladen und extrahieren, wodurch die Privatsph\u00e4re gef\u00e4hrdet werden k\u00f6nnte.<\/p>\n\n\n\n<h2 class=\"wp-block-heading\"><strong>Cookie-Nutzung gem\u00e4\u00df unserer Datenschutzrichtlinie<\/strong><\/h2>\n\n\n\n<p>Unsere Website verbessert die Benutzerfreundlichkeit durch die Verwendung von Cookies. Wenn Sie einen Kommentar hinterlassen, k\u00f6nnen Sie au\u00dferdem festlegen, dass Ihr Name, Ihre E-Mail-Adresse und Ihre Website in Cookies gespeichert werden. Das bedeutet, dass Sie Ihre Daten nicht erneut eingeben m\u00fcssen, wenn Sie erneut kommentieren. Au\u00dferdem bleiben diese Cookies ein Jahr lang bestehen. Ebenso setzt unser System Cookies f\u00fcr eingeloggte Benutzer, um Sitzungsinformationen und Benutzereinstellungen zu verwalten. Ausf\u00fchrliche Informationen dar\u00fcber, wie wir Cookies verwalten und wie Sie sie kontrollieren k\u00f6nnen, finden Sie in unserer Cookie-Richtlinie.<\/p>\n\n\n\n<h2 class=\"wp-block-heading\"><strong>Details zur Datenschutzrichtlinie &#8211; Wie wir Ihre Informationen sch\u00fctzen<\/strong><\/h2>\n\n\n\n<p>Die Artikel auf dieser Website k\u00f6nnen eingebettete Inhalte wie Videos, Bilder und Artikel enthalten. Diese eingebetteten Inhalte von anderen Websites verhalten sich so, als ob der Besucher die andere Website direkt besucht h\u00e4tte. Folglich k\u00f6nnen diese Websites Daten \u00fcber Sie sammeln, Cookies verwenden, zus\u00e4tzliche Trackingfunktionen von Drittanbietern einbetten und Ihre Interaktion mit den eingebetteten Inhalten \u00fcberwachen, insbesondere wenn Sie ein Konto haben und auf dieser Website angemeldet sind. Erfahren Sie mehr \u00fcber die Datenschutzgesetze auf dem <a href=\"https:\/\/gdpr.eu\/\">offiziellen EU GDPR-Portal<\/a>.<\/p>\n\n\n\n<h3 class=\"wp-block-heading\"><strong>Datenweitergabe im Rahmen unserer Datenschutzrichtlinie<\/strong><\/h3>\n\n\n\n<p>Wir k\u00f6nnen Ihre Daten in bestimmten Situationen weitergeben, z. B. bei Anfragen zum Zur\u00fccksetzen des Passworts, wenn Ihre IP-Adresse in der E-Mail zum Zur\u00fccksetzen enthalten ist. Jegliche Weitergabe von Daten erfolgt in \u00dcbereinstimmung mit den gesetzlichen Bestimmungen und unter Gew\u00e4hrleistung der sicheren Verarbeitung Ihrer Daten.<\/p>\n\n\n\n<h3 class=\"wp-block-heading\"><strong>Datenschutzrichtlinie und Datenspeicherung<\/strong><\/h3>\n\n\n\n<p>Die Aufbewahrungsfrist f\u00fcr Ihre Daten h\u00e4ngt von der Art der Daten und dem Zweck ab, f\u00fcr den wir sie verarbeiten. So werden beispielsweise Kommentare und ihre Metadaten auf unbestimmte Zeit gespeichert, um Folgekommentare automatisch zu erkennen und zu genehmigen. Bei Nutzern, die sich auf unserer Website registrieren, speichern wir auch pers\u00f6nliche Informationen, die sie in ihrem Nutzerprofil angeben. Alle Nutzer k\u00f6nnen ihre pers\u00f6nlichen Daten jederzeit verwalten. Unsere Praktiken zur Datenspeicherung dienen der Einhaltung gesetzlicher Verpflichtungen und den Interessen unserer Nutzer.<\/p>\n\n\n\n<h2 class=\"wp-block-heading\">Kontaktformulare und Bewerbungsformulare<\/h2>\n\n\n\n<h3 class=\"wp-block-heading\">Zweck und Verwendung:<\/h3>\n\n\n\n<p>Unsere Website bietet zwei Hauptformulare f\u00fcr die Interaktion mit dem Benutzer und f\u00fcr Dienstleistungen: Kontaktformulare und Formulare f\u00fcr Bewerbungen. Der Zweck der Erfassung personenbezogener Daten \u00fcber diese Formulare besteht darin, eine effiziente Kommunikation zu erm\u00f6glichen und das Bewerbungsverfahren zu erleichtern.<\/p>\n\n\n\n<h3 class=\"wp-block-heading\">Datenerfassung: <\/h3>\n\n\n\n<p>\u00dcber unser Kontaktformular erfassen wir personenbezogene Daten wie z. B.:<\/p>\n\n\n\n<ul class=\"wp-block-list\">\n<li>Name<\/li>\n\n\n\n<li>E-Mail Adresse<\/li>\n\n\n\n<li>Telefonnummer<\/li>\n\n\n\n<li>Adresse (falls vorhanden)<\/li>\n\n\n\n<li>Alle anderen pers\u00f6nlichen Angaben, die Sie im Nachrichtenfeld machen m\u00f6chten<\/li>\n<\/ul>\n\n\n\n<p>Diese Daten erm\u00f6glichen es uns, Ihre Anfragen zu beantworten, Ihnen zu helfen und die von Ihnen gew\u00fcnschten Dienstleistungen anzubieten.<\/p>\n\n\n\n<p>Unser Bewerbungsformular erfordert eine Reihe von Daten, die das Einstellungsverfahren erleichtern:<\/p>\n\n\n\n<ul class=\"wp-block-list\">\n<li>Name<\/li>\n\n\n\n<li>E-Mail Adresse<\/li>\n\n\n\n<li>Telefonnummer<\/li>\n\n\n\n<li>Adresse<\/li>\n\n\n\n<li>Beruflicher Werdegang, Ausbildung und andere pers\u00f6nliche Angaben in Ihrem Lebenslauf\/CV<\/li>\n\n\n\n<li>Optional k\u00f6nnen Sie auch Dokumente wie Anschreiben, Lebenslauf und Zeugnisse hochladen, die Ihre Bewerbung unterst\u00fctzen.<\/li>\n<\/ul>\n\n\n\n<h3 class=\"wp-block-heading\">Besonderer Hinweis zu hochgeladenen Dateien:<\/h3>\n\n\n\n<p>Im Bewerbungsformular k\u00f6nnen Sie Dateien, insbesondere Ihren Lebenslauf, hochladen, um den Bewerbungsprozess zu vereinfachen. Bitte stellen Sie sicher, dass die von Ihnen hochgeladenen Dokumente keine sensiblen pers\u00f6nlichen Informationen enthalten, die \u00fcber das hinausgehen, was f\u00fcr das Bewerbungsverfahren erforderlich ist. Wir wenden strenge Sicherheitsma\u00dfnahmen an, um diese Dokumente zu sch\u00fctzen und ihre Vertraulichkeit zu wahren. Der Zugang zu diesen Daten ist streng auf autorisiertes Personal beschr\u00e4nkt, das am Einstellungsprozess beteiligt ist.<\/p>\n\n\n\n<h3 class=\"wp-block-heading\">Datennutzung und -aufbewahrung: <\/h3>\n\n\n\n<p>Um auf Ihre Bed\u00fcrfnisse effektiv eingehen zu k\u00f6nnen, verwenden wir die in unseren Formularen erfassten personenbezogenen Daten ausschlie\u00dflich zu den genannten Zwecken &#8211; zur Beantwortung Ihrer Anfragen und zur Bearbeitung Ihrer Bewerbungen. Au\u00dferdem verwenden wir diese Informationen nicht ohne Ihre ausdr\u00fcckliche Zustimmung f\u00fcr Marketingzwecke. Wir bewahren die \u00fcber das Kontaktformular erfassten Daten f\u00fcr einen Zeitraum auf, der f\u00fcr den Kundenservice angemessen ist, und l\u00f6schen sie danach sicher. F\u00fcr das Bewerbungsformular bewahren wir die Daten f\u00fcr einen Zeitraum auf, der den gesetzlichen Anforderungen entspricht oder ausreichend lang ist, um Ihre Bewerbung f\u00fcr aktuelle und zuk\u00fcnftige Stellenangebote zu ber\u00fccksichtigen. Nach Ablauf dieser Frist l\u00f6schen wir Ihre Daten, einschlie\u00dflich aller hochgeladenen Dateien, sicher, es sei denn, Sie geben Ihre Zustimmung zu einer l\u00e4ngeren Speicherung.<\/p>\n\n\n\n<h3 class=\"wp-block-heading\">Datenschutz und Rechte: <\/h3>\n\n\n\n<p>Wir verpflichten uns, Ihre Privatsph\u00e4re zu sch\u00fctzen und die Vertraulichkeit Ihrer pers\u00f6nlichen Daten zu gew\u00e4hrleisten. Wir geben Ihre \u00fcber diese Formulare erfassten Daten nicht ohne Ihre Zustimmung an Dritte weiter, es sei denn, dies ist gesetzlich vorgeschrieben oder f\u00fcr die Bearbeitung Ihrer Anfragen oder Antr\u00e4ge erforderlich. Sie haben das Recht, Ihre \u00fcber diese Formulare \u00fcbermittelten personenbezogenen Daten jederzeit einzusehen, zu korrigieren oder zu l\u00f6schen. Wenn Sie von diesen Rechten Gebrauch machen m\u00f6chten oder Fragen zu den erhobenen Daten haben, wenden Sie sich bitte \u00fcber die angegebenen Kontaktinformationen an uns.<\/p>\n\n\n\n<h2 class=\"wp-block-heading\"><strong>Aktualisierungen unserer Datenschutzrichtlinie<\/strong><\/h2>\n\n\n\n<p>Wir sind berechtigt, diese Datenschutzrichtlinie regelm\u00e4\u00dfig zu aktualisieren, um \u00c4nderungen unserer Praktiken, der Technologie, rechtlicher Anforderungen und anderer Faktoren Rechnung zu tragen. Wir empfehlen unseren Besuchern, unsere Datenschutzrichtlinie regelm\u00e4\u00dfig zu lesen, um sich \u00fcber unsere Datenschutzpraktiken zu informieren.<\/p>\n\n\n\n<h2 class=\"wp-block-heading\">Ihre Rechte und Kontaktinformationen<\/h2>\n\n\n\n<p>Sie haben Rechte in Bezug auf Ihre personenbezogenen Daten, einschlie\u00dflich des Rechts auf Zugang, Berichtigung oder L\u00f6schung Ihrer Daten. Wenn Sie Fragen oder Bedenken zu unseren Datenschutzrichtlinien oder Datenpraktiken haben, kontaktieren Sie uns bitte unter office@sd-elektro.hr.<\/p>\n\n\n\n<h2 class=\"wp-block-heading\">Schlussfolgerung<\/h2>\n\n\n\n<p>Durch die Nutzung unserer Website erkl\u00e4ren Sie sich mit unserer Datenschutzrichtlinie einverstanden und stimmen deren Bedingungen zu. Wir verpflichten uns, Ihre pers\u00f6nlichen Daten zu sch\u00fctzen und Ihre Privatsph\u00e4re zu wahren.<\/p>\n<\/div>\n","protected":false},"excerpt":{"rendered":"<p>Einf\u00fchrung Willkommen auf unserer Datenschutzseite. Bei SD Elektro, https:\/\/www.sd-elektro.hr, hat der Schutz Ihrer Privatsph\u00e4re h\u00f6chste Priorit\u00e4t. In diesem Dokument erl\u00e4utern wir die Arten von pers\u00f6nlichen Daten, die unsere Website sammelt, aufzeichnet und wie wir sie verwenden. Infolgedessen verpflichten wir uns, die Sicherheit und den Schutz der pers\u00f6nlichen Daten unserer Besucher zu gew\u00e4hrleisten. Medien Wenn Sie [&hellip;]<\/p>\n","protected":false},"author":1,"featured_media":0,"parent":0,"menu_order":0,"comment_status":"closed","ping_status":"open","template":"custom-template","meta":{"_acf_changed":false,"footnotes":""},"class_list":["post-1552","page","type-page","status-publish","hentry"],"acf":[],"yoast_head":"<!-- This site is optimized with the Yoast SEO plugin v23.3 - https:\/\/yoast.com\/wordpress\/plugins\/seo\/ -->\n<title>Datenschutz - SD Elektro - Sichern Sie Ihre Daten<\/title>\n<meta name=\"description\" content=\"Informieren Sie sich \u00fcber die Datenschutzrichtlinien von SD Elektro, um zu verstehen, wie wir Ihre pers\u00f6nlichen Daten und Ihre Rechte als Nutzer sch\u00fctzen.\" \/>\n<meta name=\"robots\" content=\"index, follow, max-snippet:-1, max-image-preview:large, max-video-preview:-1\" \/>\n<link rel=\"canonical\" href=\"https:\/\/www.sd-elektro.hr\/de\/datenschutz\/\" \/>\n<meta property=\"og:locale\" content=\"de_DE\" \/>\n<meta property=\"og:type\" content=\"article\" \/>\n<meta property=\"og:title\" content=\"Datenschutz - SD Elektro - Sichern Sie Ihre Daten\" \/>\n<meta property=\"og:description\" content=\"Informieren Sie sich \u00fcber die Datenschutzrichtlinien von SD Elektro, um zu verstehen, wie wir Ihre pers\u00f6nlichen Daten und Ihre Rechte als Nutzer sch\u00fctzen.\" \/>\n<meta property=\"og:url\" content=\"https:\/\/www.sd-elektro.hr\/de\/datenschutz\/\" \/>\n<meta property=\"og:site_name\" content=\"SD Elektro\" \/>\n<meta property=\"article:publisher\" content=\"https:\/\/www.facebook.com\/profile.php?id=61557576658136\" \/>\n<meta property=\"article:modified_time\" content=\"2024-04-29T11:05:09+00:00\" \/>\n<meta property=\"og:image\" content=\"https:\/\/www.sd-elektro.hr\/wp-content\/uploads\/2024\/04\/privacy-policy-image.png\" \/>\n<meta name=\"twitter:card\" content=\"summary_large_image\" \/>\n<meta name=\"twitter:label1\" content=\"Gesch\u00e4tzte Lesezeit\" \/>\n\t<meta name=\"twitter:data1\" content=\"5\u00a0Minuten\" \/>\n<script type=\"application\/ld+json\" class=\"yoast-schema-graph\">{\"@context\":\"https:\/\/schema.org\",\"@graph\":[{\"@type\":\"WebPage\",\"@id\":\"https:\/\/www.sd-elektro.hr\/de\/datenschutz\/\",\"url\":\"https:\/\/www.sd-elektro.hr\/de\/datenschutz\/\",\"name\":\"Datenschutz - SD Elektro - Sichern Sie Ihre Daten\",\"isPartOf\":{\"@id\":\"https:\/\/www.sd-elektro.hr\/de\/#website\"},\"primaryImageOfPage\":{\"@id\":\"https:\/\/www.sd-elektro.hr\/de\/datenschutz\/#primaryimage\"},\"image\":{\"@id\":\"https:\/\/www.sd-elektro.hr\/de\/datenschutz\/#primaryimage\"},\"thumbnailUrl\":\"https:\/\/www.sd-elektro.hr\/wp-content\/uploads\/2024\/04\/privacy-policy-image.png\",\"datePublished\":\"2024-02-06T10:56:43+00:00\",\"dateModified\":\"2024-04-29T11:05:09+00:00\",\"description\":\"Informieren Sie sich \u00fcber die Datenschutzrichtlinien von SD Elektro, um zu verstehen, wie wir Ihre pers\u00f6nlichen Daten und Ihre Rechte als Nutzer sch\u00fctzen.\",\"breadcrumb\":{\"@id\":\"https:\/\/www.sd-elektro.hr\/de\/datenschutz\/#breadcrumb\"},\"inLanguage\":\"de\",\"potentialAction\":[{\"@type\":\"ReadAction\",\"target\":[\"https:\/\/www.sd-elektro.hr\/de\/datenschutz\/\"]}]},{\"@type\":\"ImageObject\",\"inLanguage\":\"de\",\"@id\":\"https:\/\/www.sd-elektro.hr\/de\/datenschutz\/#primaryimage\",\"url\":\"https:\/\/www.sd-elektro.hr\/wp-content\/uploads\/2024\/04\/privacy-policy-image.png\",\"contentUrl\":\"https:\/\/www.sd-elektro.hr\/wp-content\/uploads\/2024\/04\/privacy-policy-image.png\"},{\"@type\":\"BreadcrumbList\",\"@id\":\"https:\/\/www.sd-elektro.hr\/de\/datenschutz\/#breadcrumb\",\"itemListElement\":[{\"@type\":\"ListItem\",\"position\":1,\"name\":\"Home\",\"item\":\"https:\/\/www.sd-elektro.hr\/de\/\"},{\"@type\":\"ListItem\",\"position\":2,\"name\":\"Datenschutz\"}]},{\"@type\":\"WebSite\",\"@id\":\"https:\/\/www.sd-elektro.hr\/de\/#website\",\"url\":\"https:\/\/www.sd-elektro.hr\/de\/\",\"name\":\"SD Elektro\",\"description\":\"Wired for Perfection: Precision Electrical Services for Modern Needs\",\"publisher\":{\"@id\":\"https:\/\/www.sd-elektro.hr\/de\/#organization\"},\"alternateName\":\"SD Elektro\",\"potentialAction\":[{\"@type\":\"SearchAction\",\"target\":{\"@type\":\"EntryPoint\",\"urlTemplate\":\"https:\/\/www.sd-elektro.hr\/de\/?s={search_term_string}\"},\"query-input\":\"required name=search_term_string\"}],\"inLanguage\":\"de\"},{\"@type\":\"Organization\",\"@id\":\"https:\/\/www.sd-elektro.hr\/de\/#organization\",\"name\":\"SD Elektro d.o.o\",\"url\":\"https:\/\/www.sd-elektro.hr\/de\/\",\"logo\":{\"@type\":\"ImageObject\",\"inLanguage\":\"de\",\"@id\":\"https:\/\/www.sd-elektro.hr\/de\/#\/schema\/logo\/image\/\",\"url\":\"https:\/\/www.sd-elektro.hr\/wp-content\/uploads\/2024\/02\/sd-elektro-test-1.png\",\"contentUrl\":\"https:\/\/www.sd-elektro.hr\/wp-content\/uploads\/2024\/02\/sd-elektro-test-1.png\",\"width\":3000,\"height\":1133,\"caption\":\"SD Elektro d.o.o\"},\"image\":{\"@id\":\"https:\/\/www.sd-elektro.hr\/de\/#\/schema\/logo\/image\/\"},\"sameAs\":[\"https:\/\/www.facebook.com\/profile.php?id=61557576658136\"]}]}<\/script>\n<!-- \/ Yoast SEO plugin. -->","yoast_head_json":{"title":"Datenschutz - SD Elektro - Sichern Sie Ihre Daten","description":"Informieren Sie sich \u00fcber die Datenschutzrichtlinien von SD Elektro, um zu verstehen, wie wir Ihre pers\u00f6nlichen Daten und Ihre Rechte als Nutzer sch\u00fctzen.","robots":{"index":"index","follow":"follow","max-snippet":"max-snippet:-1","max-image-preview":"max-image-preview:large","max-video-preview":"max-video-preview:-1"},"canonical":"https:\/\/www.sd-elektro.hr\/de\/datenschutz\/","og_locale":"de_DE","og_type":"article","og_title":"Datenschutz - SD Elektro - Sichern Sie Ihre Daten","og_description":"Informieren Sie sich \u00fcber die Datenschutzrichtlinien von SD Elektro, um zu verstehen, wie wir Ihre pers\u00f6nlichen Daten und Ihre Rechte als Nutzer sch\u00fctzen.","og_url":"https:\/\/www.sd-elektro.hr\/de\/datenschutz\/","og_site_name":"SD Elektro","article_publisher":"https:\/\/www.facebook.com\/profile.php?id=61557576658136","article_modified_time":"2024-04-29T11:05:09+00:00","og_image":[{"url":"https:\/\/www.sd-elektro.hr\/wp-content\/uploads\/2024\/04\/privacy-policy-image.png"}],"twitter_card":"summary_large_image","twitter_misc":{"Gesch\u00e4tzte Lesezeit":"5\u00a0Minuten"},"schema":{"@context":"https:\/\/schema.org","@graph":[{"@type":"WebPage","@id":"https:\/\/www.sd-elektro.hr\/de\/datenschutz\/","url":"https:\/\/www.sd-elektro.hr\/de\/datenschutz\/","name":"Datenschutz - SD Elektro - Sichern Sie Ihre Daten","isPartOf":{"@id":"https:\/\/www.sd-elektro.hr\/de\/#website"},"primaryImageOfPage":{"@id":"https:\/\/www.sd-elektro.hr\/de\/datenschutz\/#primaryimage"},"image":{"@id":"https:\/\/www.sd-elektro.hr\/de\/datenschutz\/#primaryimage"},"thumbnailUrl":"https:\/\/www.sd-elektro.hr\/wp-content\/uploads\/2024\/04\/privacy-policy-image.png","datePublished":"2024-02-06T10:56:43+00:00","dateModified":"2024-04-29T11:05:09+00:00","description":"Informieren Sie sich \u00fcber die Datenschutzrichtlinien von SD Elektro, um zu verstehen, wie wir Ihre pers\u00f6nlichen Daten und Ihre Rechte als Nutzer sch\u00fctzen.","breadcrumb":{"@id":"https:\/\/www.sd-elektro.hr\/de\/datenschutz\/#breadcrumb"},"inLanguage":"de","potentialAction":[{"@type":"ReadAction","target":["https:\/\/www.sd-elektro.hr\/de\/datenschutz\/"]}]},{"@type":"ImageObject","inLanguage":"de","@id":"https:\/\/www.sd-elektro.hr\/de\/datenschutz\/#primaryimage","url":"https:\/\/www.sd-elektro.hr\/wp-content\/uploads\/2024\/04\/privacy-policy-image.png","contentUrl":"https:\/\/www.sd-elektro.hr\/wp-content\/uploads\/2024\/04\/privacy-policy-image.png"},{"@type":"BreadcrumbList","@id":"https:\/\/www.sd-elektro.hr\/de\/datenschutz\/#breadcrumb","itemListElement":[{"@type":"ListItem","position":1,"name":"Home","item":"https:\/\/www.sd-elektro.hr\/de\/"},{"@type":"ListItem","position":2,"name":"Datenschutz"}]},{"@type":"WebSite","@id":"https:\/\/www.sd-elektro.hr\/de\/#website","url":"https:\/\/www.sd-elektro.hr\/de\/","name":"SD Elektro","description":"Wired for Perfection: Precision Electrical Services for Modern Needs","publisher":{"@id":"https:\/\/www.sd-elektro.hr\/de\/#organization"},"alternateName":"SD Elektro","potentialAction":[{"@type":"SearchAction","target":{"@type":"EntryPoint","urlTemplate":"https:\/\/www.sd-elektro.hr\/de\/?s={search_term_string}"},"query-input":"required name=search_term_string"}],"inLanguage":"de"},{"@type":"Organization","@id":"https:\/\/www.sd-elektro.hr\/de\/#organization","name":"SD Elektro d.o.o","url":"https:\/\/www.sd-elektro.hr\/de\/","logo":{"@type":"ImageObject","inLanguage":"de","@id":"https:\/\/www.sd-elektro.hr\/de\/#\/schema\/logo\/image\/","url":"https:\/\/www.sd-elektro.hr\/wp-content\/uploads\/2024\/02\/sd-elektro-test-1.png","contentUrl":"https:\/\/www.sd-elektro.hr\/wp-content\/uploads\/2024\/02\/sd-elektro-test-1.png","width":3000,"height":1133,"caption":"SD Elektro d.o.o"},"image":{"@id":"https:\/\/www.sd-elektro.hr\/de\/#\/schema\/logo\/image\/"},"sameAs":["https:\/\/www.facebook.com\/profile.php?id=61557576658136"]}]}},"_links":{"self":[{"href":"https:\/\/www.sd-elektro.hr\/de\/wp-json\/wp\/v2\/pages\/1552","targetHints":{"allow":["GET"]}}],"collection":[{"href":"https:\/\/www.sd-elektro.hr\/de\/wp-json\/wp\/v2\/pages"}],"about":[{"href":"https:\/\/www.sd-elektro.hr\/de\/wp-json\/wp\/v2\/types\/page"}],"author":[{"embeddable":true,"href":"https:\/\/www.sd-elektro.hr\/de\/wp-json\/wp\/v2\/users\/1"}],"replies":[{"embeddable":true,"href":"https:\/\/www.sd-elektro.hr\/de\/wp-json\/wp\/v2\/comments?post=1552"}],"version-history":[{"count":0,"href":"https:\/\/www.sd-elektro.hr\/de\/wp-json\/wp\/v2\/pages\/1552\/revisions"}],"wp:attachment":[{"href":"https:\/\/www.sd-elektro.hr\/de\/wp-json\/wp\/v2\/media?parent=1552"}],"curies":[{"name":"wp","href":"https:\/\/api.w.org\/{rel}","templated":true}]}}