{"id":1544,"date":"2024-02-08T15:19:51","date_gmt":"2024-02-08T15:19:51","guid":{"rendered":"https:\/\/www.sd-elektro.hr\/blog\/"},"modified":"2024-04-24T15:55:17","modified_gmt":"2024-04-24T15:55:17","slug":"blog","status":"publish","type":"page","link":"https:\/\/www.sd-elektro.hr\/de\/blog\/","title":{"rendered":"Blog"},"content":{"rendered":"\n<div class=\"wp-block-group has-background has-global-padding is-layout-constrained wp-block-group-is-layout-constrained\" style=\"background-color:#f9f9f9;margin-top:var(--wp--preset--spacing--70);margin-bottom:var(--wp--preset--spacing--70);padding-top:var(--wp--preset--spacing--60);padding-bottom:var(--wp--preset--spacing--60)\">\n<div class=\"wp-block-columns alignwide is-layout-flex wp-container-core-columns-is-layout-28f84493 wp-block-columns-is-layout-flex\">\n<div class=\"wp-block-column is-vertically-aligned-center has-global-padding is-layout-constrained wp-block-column-is-layout-constrained\" style=\"flex-basis:66.66%\">\n<h2 class=\"wp-block-heading\">Entdecken Sie die neuesten Einblicke in die Elektrotechnik: Willkommen bei unserem Elektrotechnik-Blog<\/h2>\n\n\n\n<p>Willkommen bei Electrical Engineering Blog, Ihrer Anlaufstelle f\u00fcr aufschlussreiche Artikel, Branchen-Updates und Expertentipps rund um Elektrotechnik, Automatisierungsl\u00f6sungen und mehr. Ganz gleich, ob Sie ein erfahrener Profi auf diesem Gebiet sind oder mehr \u00fcber die neuesten Trends und Innovationen erfahren m\u00f6chten, unser Blog soll Sie informieren und inspirieren. Entdecken Sie unsere Sammlung informativer Beitr\u00e4ge, die von unserem Expertenteam verfasst wurden, und bleiben Sie auf dem Laufenden \u00fcber die sich schnell entwickelnde Welt der Elektroinstallation und Automatisierungstechnik.<\/p>\n\n\n\n<div class=\"wp-block-buttons is-content-justification-left is-layout-flex wp-container-core-buttons-is-layout-fc4fd283 wp-block-buttons-is-layout-flex\">\n<div class=\"wp-block-button button-overlay is-style-outline dark is-style-outline--1\"><a class=\"wp-block-button__link has-brand-color-secondary-color has-text-color has-link-color has-border-color wp-element-button\" href=\"https:\/\/www.sd-elektro.hr\/de\/ueber-uns\/\" style=\"border-color:#2b2f40;border-radius:0px\">\u00dcber uns<\/a><\/div>\n<\/div>\n<\/div>\n\n\n\n<div class=\"wp-block-column is-vertically-aligned-center is-layout-flow wp-block-column-is-layout-flow\" style=\"flex-basis:33.33%\">\n<figure class=\"wp-block-image size-full\"><img loading=\"lazy\" decoding=\"async\" width=\"1000\" height=\"663\" src=\"https:\/\/www.sd-elektro.hr\/wp-content\/uploads\/2024\/04\/blog-image.png\" alt=\"Elektrotechnik Blog\" class=\"wp-image-1768\" srcset=\"https:\/\/www.sd-elektro.hr\/wp-content\/uploads\/2024\/04\/blog-image.png 1000w, https:\/\/www.sd-elektro.hr\/wp-content\/uploads\/2024\/04\/blog-image-300x199.png 300w, https:\/\/www.sd-elektro.hr\/wp-content\/uploads\/2024\/04\/blog-image-768x509.png 768w\" sizes=\"auto, (max-width: 1000px) 100vw, 1000px\" \/><\/figure>\n<\/div>\n<\/div>\n<\/div>\n\n<div class=\"wp-block-cover\" style=\"margin-top:0;margin-bottom:0;padding-top:var(--wp--preset--spacing--60);padding-bottom:var(--wp--preset--spacing--60)\"><span aria-hidden=\"true\" class=\"wp-block-cover__background has-background-dim\" style=\"background-color:#090c15\"><\/span><img loading=\"lazy\" decoding=\"async\" width=\"1920\" height=\"539\" class=\"wp-block-cover__image-background wp-image-1796\" alt=\"\" src=\"https:\/\/www.sd-elektro.hr\/wp-content\/uploads\/2024\/04\/blog-image-2.png\" style=\"object-position:51% 32%\" data-object-fit=\"cover\" data-object-position=\"51% 32%\" srcset=\"https:\/\/www.sd-elektro.hr\/wp-content\/uploads\/2024\/04\/blog-image-2.png 1920w, https:\/\/www.sd-elektro.hr\/wp-content\/uploads\/2024\/04\/blog-image-2-300x84.png 300w, https:\/\/www.sd-elektro.hr\/wp-content\/uploads\/2024\/04\/blog-image-2-1024x287.png 1024w, https:\/\/www.sd-elektro.hr\/wp-content\/uploads\/2024\/04\/blog-image-2-768x216.png 768w, https:\/\/www.sd-elektro.hr\/wp-content\/uploads\/2024\/04\/blog-image-2-1536x431.png 1536w\" sizes=\"auto, (max-width: 1920px) 100vw, 1920px\" \/><div class=\"wp-block-cover__inner-container has-global-padding is-layout-constrained wp-block-cover-is-layout-constrained\">\n<div class=\"wp-block-columns alignwide is-layout-flex wp-container-core-columns-is-layout-28f84493 wp-block-columns-is-layout-flex\">\n<div class=\"wp-block-column is-layout-flow wp-block-column-is-layout-flow\" style=\"flex-basis:45%\"><\/div>\n\n\n\n<div class=\"wp-block-column is-layout-flow wp-block-column-is-layout-flow\" style=\"flex-basis:55%\">\n<h2 class=\"wp-block-heading has-text-align-right\">Unserem Team beitreten<\/h2>\n\n\n\n<p class=\"has-text-align-right has-link-color wp-elements-57f3fc9a7ad5ed5b900f0f0eb414900d\">Wir sind immer auf der Suche nach engagierten Mitarbeitern, die unser Engagement f\u00fcr hervorragende Leistungen teilen und die Grenzen des M\u00f6glichen erweitern m\u00f6chten. Wenn Sie bereit sind, sich auf eine erf\u00fcllende berufliche Reise zu begeben und an bahnbrechenden Projekten mitzuwirken, die die Zukunft der Elektrotechnik und der Automatisierungsl\u00f6sungen gestalten, laden wir Sie ein, unsere aktuellen Stellenangebote zu erkunden und den ersten Schritt in Richtung einer aufregenden und lohnenden <a href=\"https:\/\/www.facebook.com\/photo?fbid=122116379222252555&amp;set=a.122116380632252555&amp;locale=hr_HR\" target=\"_blank\" rel=\"noreferrer noopener\">Karriere bei uns<\/a> zu machen. Helfen Sie uns, eine bessere und intelligentere Zukunft zu schaffen!&#8220;<\/p>\n\n\n\n<div class=\"wp-block-buttons is-content-justification-right is-layout-flex wp-container-core-buttons-is-layout-0c4d5a63 wp-block-buttons-is-layout-flex\" style=\"margin-top:var(--wp--preset--spacing--80)\">\n<div class=\"wp-block-button button-overlay is-style-outline is-style-outline--2\"><a class=\"wp-block-button__link has-white-color has-text-color has-link-color wp-element-button\" href=\"https:\/\/www.sd-elektro.hr\/de\/elektriker-elektromonteur-m-w\/\" style=\"border-radius:0px\">Jetzt bewerben<\/a><\/div>\n<\/div>\n<\/div>\n<\/div>\n<\/div><\/div>\n","protected":false},"excerpt":{"rendered":"<p>Entdecken Sie die neuesten Einblicke in die Elektrotechnik: Willkommen bei unserem Elektrotechnik-Blog Willkommen bei Electrical Engineering Blog, Ihrer Anlaufstelle f\u00fcr aufschlussreiche Artikel, Branchen-Updates und Expertentipps rund um Elektrotechnik, Automatisierungsl\u00f6sungen und mehr. Ganz gleich, ob Sie ein erfahrener Profi auf diesem Gebiet sind oder mehr \u00fcber die neuesten Trends und Innovationen erfahren m\u00f6chten, unser Blog soll [&hellip;]<\/p>\n","protected":false},"author":1,"featured_media":0,"parent":0,"menu_order":0,"comment_status":"closed","ping_status":"closed","template":"wp-custom-template-blog-category","meta":{"_acf_changed":false,"footnotes":""},"class_list":["post-1544","page","type-page","status-publish","hentry"],"acf":[],"yoast_head":"<!-- This site is optimized with the Yoast SEO plugin v23.3 - https:\/\/yoast.com\/wordpress\/plugins\/seo\/ -->\n<title>Elektrotechnik Blog - SD Elektro<\/title>\n<meta name=\"description\" content=\"Entdecken Sie die neuesten Erkenntnisse und Expertentipps zu Elektrotechnik, Automatisierungsl\u00f6sungen und mehr im SD Elektro Blog.\" \/>\n<meta name=\"robots\" content=\"index, follow, max-snippet:-1, max-image-preview:large, max-video-preview:-1\" \/>\n<link rel=\"canonical\" href=\"https:\/\/www.sd-elektro.hr\/de\/blog\/\" \/>\n<meta property=\"og:locale\" content=\"de_DE\" \/>\n<meta property=\"og:type\" content=\"article\" \/>\n<meta property=\"og:title\" content=\"Elektrotechnik Blog - SD Elektro\" \/>\n<meta property=\"og:description\" content=\"Entdecken Sie die neuesten Erkenntnisse und Expertentipps zu Elektrotechnik, Automatisierungsl\u00f6sungen und mehr im SD Elektro Blog.\" \/>\n<meta property=\"og:url\" content=\"https:\/\/www.sd-elektro.hr\/de\/blog\/\" \/>\n<meta property=\"og:site_name\" content=\"SD Elektro\" \/>\n<meta property=\"article:publisher\" content=\"https:\/\/www.facebook.com\/profile.php?id=61557576658136\" \/>\n<meta property=\"article:modified_time\" content=\"2024-04-24T15:55:17+00:00\" \/>\n<meta property=\"og:image\" content=\"https:\/\/www.sd-elektro.hr\/wp-content\/uploads\/2024\/04\/blog-image.png\" \/>\n<meta name=\"twitter:card\" content=\"summary_large_image\" \/>\n<meta name=\"twitter:label1\" content=\"Gesch\u00e4tzte Lesezeit\" \/>\n\t<meta name=\"twitter:data1\" content=\"1\u00a0Minute\" \/>\n<script type=\"application\/ld+json\" class=\"yoast-schema-graph\">{\"@context\":\"https:\/\/schema.org\",\"@graph\":[{\"@type\":\"WebPage\",\"@id\":\"https:\/\/www.sd-elektro.hr\/de\/blog\/\",\"url\":\"https:\/\/www.sd-elektro.hr\/de\/blog\/\",\"name\":\"Elektrotechnik Blog - SD Elektro\",\"isPartOf\":{\"@id\":\"https:\/\/www.sd-elektro.hr\/de\/#website\"},\"primaryImageOfPage\":{\"@id\":\"https:\/\/www.sd-elektro.hr\/de\/blog\/#primaryimage\"},\"image\":{\"@id\":\"https:\/\/www.sd-elektro.hr\/de\/blog\/#primaryimage\"},\"thumbnailUrl\":\"https:\/\/www.sd-elektro.hr\/wp-content\/uploads\/2024\/04\/blog-image.png\",\"datePublished\":\"2024-02-08T15:19:51+00:00\",\"dateModified\":\"2024-04-24T15:55:17+00:00\",\"description\":\"Entdecken Sie die neuesten Erkenntnisse und Expertentipps zu Elektrotechnik, Automatisierungsl\u00f6sungen und mehr im SD Elektro Blog.\",\"breadcrumb\":{\"@id\":\"https:\/\/www.sd-elektro.hr\/de\/blog\/#breadcrumb\"},\"inLanguage\":\"de\",\"potentialAction\":[{\"@type\":\"ReadAction\",\"target\":[\"https:\/\/www.sd-elektro.hr\/de\/blog\/\"]}]},{\"@type\":\"ImageObject\",\"inLanguage\":\"de\",\"@id\":\"https:\/\/www.sd-elektro.hr\/de\/blog\/#primaryimage\",\"url\":\"https:\/\/www.sd-elektro.hr\/wp-content\/uploads\/2024\/04\/blog-image.png\",\"contentUrl\":\"https:\/\/www.sd-elektro.hr\/wp-content\/uploads\/2024\/04\/blog-image.png\"},{\"@type\":\"BreadcrumbList\",\"@id\":\"https:\/\/www.sd-elektro.hr\/de\/blog\/#breadcrumb\",\"itemListElement\":[{\"@type\":\"ListItem\",\"position\":1,\"name\":\"Home\",\"item\":\"https:\/\/www.sd-elektro.hr\/de\/\"},{\"@type\":\"ListItem\",\"position\":2,\"name\":\"Blog\"}]},{\"@type\":\"WebSite\",\"@id\":\"https:\/\/www.sd-elektro.hr\/de\/#website\",\"url\":\"https:\/\/www.sd-elektro.hr\/de\/\",\"name\":\"SD Elektro\",\"description\":\"Wired for Perfection: Precision Electrical Services for Modern Needs\",\"publisher\":{\"@id\":\"https:\/\/www.sd-elektro.hr\/de\/#organization\"},\"alternateName\":\"SD Elektro\",\"potentialAction\":[{\"@type\":\"SearchAction\",\"target\":{\"@type\":\"EntryPoint\",\"urlTemplate\":\"https:\/\/www.sd-elektro.hr\/de\/?s={search_term_string}\"},\"query-input\":\"required name=search_term_string\"}],\"inLanguage\":\"de\"},{\"@type\":\"Organization\",\"@id\":\"https:\/\/www.sd-elektro.hr\/de\/#organization\",\"name\":\"SD Elektro d.o.o\",\"url\":\"https:\/\/www.sd-elektro.hr\/de\/\",\"logo\":{\"@type\":\"ImageObject\",\"inLanguage\":\"de\",\"@id\":\"https:\/\/www.sd-elektro.hr\/de\/#\/schema\/logo\/image\/\",\"url\":\"https:\/\/www.sd-elektro.hr\/wp-content\/uploads\/2024\/02\/sd-elektro-test-1.png\",\"contentUrl\":\"https:\/\/www.sd-elektro.hr\/wp-content\/uploads\/2024\/02\/sd-elektro-test-1.png\",\"width\":3000,\"height\":1133,\"caption\":\"SD Elektro d.o.o\"},\"image\":{\"@id\":\"https:\/\/www.sd-elektro.hr\/de\/#\/schema\/logo\/image\/\"},\"sameAs\":[\"https:\/\/www.facebook.com\/profile.php?id=61557576658136\"]}]}<\/script>\n<!-- \/ Yoast SEO plugin. -->","yoast_head_json":{"title":"Elektrotechnik Blog - SD Elektro","description":"Entdecken Sie die neuesten Erkenntnisse und Expertentipps zu Elektrotechnik, Automatisierungsl\u00f6sungen und mehr im SD Elektro Blog.","robots":{"index":"index","follow":"follow","max-snippet":"max-snippet:-1","max-image-preview":"max-image-preview:large","max-video-preview":"max-video-preview:-1"},"canonical":"https:\/\/www.sd-elektro.hr\/de\/blog\/","og_locale":"de_DE","og_type":"article","og_title":"Elektrotechnik Blog - SD Elektro","og_description":"Entdecken Sie die neuesten Erkenntnisse und Expertentipps zu Elektrotechnik, Automatisierungsl\u00f6sungen und mehr im SD Elektro Blog.","og_url":"https:\/\/www.sd-elektro.hr\/de\/blog\/","og_site_name":"SD Elektro","article_publisher":"https:\/\/www.facebook.com\/profile.php?id=61557576658136","article_modified_time":"2024-04-24T15:55:17+00:00","og_image":[{"url":"https:\/\/www.sd-elektro.hr\/wp-content\/uploads\/2024\/04\/blog-image.png"}],"twitter_card":"summary_large_image","twitter_misc":{"Gesch\u00e4tzte Lesezeit":"1\u00a0Minute"},"schema":{"@context":"https:\/\/schema.org","@graph":[{"@type":"WebPage","@id":"https:\/\/www.sd-elektro.hr\/de\/blog\/","url":"https:\/\/www.sd-elektro.hr\/de\/blog\/","name":"Elektrotechnik Blog - SD Elektro","isPartOf":{"@id":"https:\/\/www.sd-elektro.hr\/de\/#website"},"primaryImageOfPage":{"@id":"https:\/\/www.sd-elektro.hr\/de\/blog\/#primaryimage"},"image":{"@id":"https:\/\/www.sd-elektro.hr\/de\/blog\/#primaryimage"},"thumbnailUrl":"https:\/\/www.sd-elektro.hr\/wp-content\/uploads\/2024\/04\/blog-image.png","datePublished":"2024-02-08T15:19:51+00:00","dateModified":"2024-04-24T15:55:17+00:00","description":"Entdecken Sie die neuesten Erkenntnisse und Expertentipps zu Elektrotechnik, Automatisierungsl\u00f6sungen und mehr im SD Elektro Blog.","breadcrumb":{"@id":"https:\/\/www.sd-elektro.hr\/de\/blog\/#breadcrumb"},"inLanguage":"de","potentialAction":[{"@type":"ReadAction","target":["https:\/\/www.sd-elektro.hr\/de\/blog\/"]}]},{"@type":"ImageObject","inLanguage":"de","@id":"https:\/\/www.sd-elektro.hr\/de\/blog\/#primaryimage","url":"https:\/\/www.sd-elektro.hr\/wp-content\/uploads\/2024\/04\/blog-image.png","contentUrl":"https:\/\/www.sd-elektro.hr\/wp-content\/uploads\/2024\/04\/blog-image.png"},{"@type":"BreadcrumbList","@id":"https:\/\/www.sd-elektro.hr\/de\/blog\/#breadcrumb","itemListElement":[{"@type":"ListItem","position":1,"name":"Home","item":"https:\/\/www.sd-elektro.hr\/de\/"},{"@type":"ListItem","position":2,"name":"Blog"}]},{"@type":"WebSite","@id":"https:\/\/www.sd-elektro.hr\/de\/#website","url":"https:\/\/www.sd-elektro.hr\/de\/","name":"SD Elektro","description":"Wired for Perfection: Precision Electrical Services for Modern Needs","publisher":{"@id":"https:\/\/www.sd-elektro.hr\/de\/#organization"},"alternateName":"SD Elektro","potentialAction":[{"@type":"SearchAction","target":{"@type":"EntryPoint","urlTemplate":"https:\/\/www.sd-elektro.hr\/de\/?s={search_term_string}"},"query-input":"required name=search_term_string"}],"inLanguage":"de"},{"@type":"Organization","@id":"https:\/\/www.sd-elektro.hr\/de\/#organization","name":"SD Elektro d.o.o","url":"https:\/\/www.sd-elektro.hr\/de\/","logo":{"@type":"ImageObject","inLanguage":"de","@id":"https:\/\/www.sd-elektro.hr\/de\/#\/schema\/logo\/image\/","url":"https:\/\/www.sd-elektro.hr\/wp-content\/uploads\/2024\/02\/sd-elektro-test-1.png","contentUrl":"https:\/\/www.sd-elektro.hr\/wp-content\/uploads\/2024\/02\/sd-elektro-test-1.png","width":3000,"height":1133,"caption":"SD Elektro d.o.o"},"image":{"@id":"https:\/\/www.sd-elektro.hr\/de\/#\/schema\/logo\/image\/"},"sameAs":["https:\/\/www.facebook.com\/profile.php?id=61557576658136"]}]}},"_links":{"self":[{"href":"https:\/\/www.sd-elektro.hr\/de\/wp-json\/wp\/v2\/pages\/1544","targetHints":{"allow":["GET"]}}],"collection":[{"href":"https:\/\/www.sd-elektro.hr\/de\/wp-json\/wp\/v2\/pages"}],"about":[{"href":"https:\/\/www.sd-elektro.hr\/de\/wp-json\/wp\/v2\/types\/page"}],"author":[{"embeddable":true,"href":"https:\/\/www.sd-elektro.hr\/de\/wp-json\/wp\/v2\/users\/1"}],"replies":[{"embeddable":true,"href":"https:\/\/www.sd-elektro.hr\/de\/wp-json\/wp\/v2\/comments?post=1544"}],"version-history":[{"count":0,"href":"https:\/\/www.sd-elektro.hr\/de\/wp-json\/wp\/v2\/pages\/1544\/revisions"}],"wp:attachment":[{"href":"https:\/\/www.sd-elektro.hr\/de\/wp-json\/wp\/v2\/media?parent=1544"}],"curies":[{"name":"wp","href":"https:\/\/api.w.org\/{rel}","templated":true}]}}